{"id":1099,"date":"2023-02-11T12:33:16","date_gmt":"2023-02-11T18:33:16","guid":{"rendered":"https:\/\/www.masflores.com.mx\/monterrey\/?post_type=product&#038;p=1099"},"modified":"2026-02-18T18:44:00","modified_gmt":"2026-02-19T00:44:00","slug":"espectacular-50-rosas-rojas","status":"publish","type":"product","link":"https:\/\/www.masflores.com.mx\/monterrey\/index.php\/producto\/espectacular-50-rosas-rojas\/","title":{"rendered":".Espectacular 50 Rosas Rojas"},"content":{"rendered":"<p>\u00a1Espectacular! Jarr\u00f3n de cristal con 50 rosas rojas list\u00f3n y finos follajes. Puede ensamblarse en hasta 3 colores<\/p>\n<p>Si te gustar\u00eda agregar un globo o chocolates visita la secci\u00f3n de globos y chocolates. No olvides agregar un mensaje al final de tu pedido.<\/p>\n","protected":false},"excerpt":{"rendered":"<p>\u00a1Espectacular! Jarr\u00f3n de cristal con 50 rosas rojas list\u00f3n y finos follajes. Puede ensamblarse en hasta 3 colores Si te gustar\u00eda agregar un globo o chocolates visita la secci\u00f3n de globos y chocolates. No olvides agregar un mensaje al final de tu pedido.<\/p>\n","protected":false},"featured_media":4140,"template":"","meta":[],"product_brand":[],"product_cat":[34,72,43],"product_tag":[71,91,46,66,70,69,47,45],"class_list":{"0":"post-1099","1":"product","2":"type-product","3":"status-publish","4":"has-post-thumbnail","6":"product_cat-arreglos-rosas","7":"product_cat-mama-10-mayo","8":"product_cat-san-valentin","9":"product_tag-10-de-mayo","10":"product_tag-14-de-febrero","11":"product_tag-amor-y-amistad","12":"product_tag-aniversario","13":"product_tag-dia-de-las-madres","14":"product_tag-mama","15":"product_tag-romantico","16":"product_tag-san-valentin","18":"first","19":"instock","20":"taxable","21":"shipping-taxable","22":"purchasable","23":"product-type-simple"},"jetpack_sharing_enabled":true,"_links":{"self":[{"href":"https:\/\/www.masflores.com.mx\/monterrey\/index.php\/wp-json\/wp\/v2\/product\/1099","targetHints":{"allow":["GET"]}}],"collection":[{"href":"https:\/\/www.masflores.com.mx\/monterrey\/index.php\/wp-json\/wp\/v2\/product"}],"about":[{"href":"https:\/\/www.masflores.com.mx\/monterrey\/index.php\/wp-json\/wp\/v2\/types\/product"}],"wp:featuredmedia":[{"embeddable":true,"href":"https:\/\/www.masflores.com.mx\/monterrey\/index.php\/wp-json\/wp\/v2\/media\/4140"}],"wp:attachment":[{"href":"https:\/\/www.masflores.com.mx\/monterrey\/index.php\/wp-json\/wp\/v2\/media?parent=1099"}],"wp:term":[{"taxonomy":"product_brand","embeddable":true,"href":"https:\/\/www.masflores.com.mx\/monterrey\/index.php\/wp-json\/wp\/v2\/product_brand?post=1099"},{"taxonomy":"product_cat","embeddable":true,"href":"https:\/\/www.masflores.com.mx\/monterrey\/index.php\/wp-json\/wp\/v2\/product_cat?post=1099"},{"taxonomy":"product_tag","embeddable":true,"href":"https:\/\/www.masflores.com.mx\/monterrey\/index.php\/wp-json\/wp\/v2\/product_tag?post=1099"}],"curies":[{"name":"wp","href":"https:\/\/api.w.org\/{rel}","templated":true}]}}