{"id":9,"date":"2022-10-30T20:19:42","date_gmt":"2022-10-30T20:19:42","guid":{"rendered":"https:\/\/masflores.com.mx\/monterrey\/?page_id=9"},"modified":"2025-11-06T14:34:12","modified_gmt":"2025-11-06T20:34:12","slug":"refund_returns","status":"publish","type":"page","link":"https:\/\/www.masflores.com.mx\/monterrey\/index.php\/refund_returns\/","title":{"rendered":"Pol\u00edticas"},"content":{"rendered":"\n<p><strong>Pol\u00edtica de Confidencialidad<\/strong> <\/p>\n\n\n\n<p>La informaci\u00f3n respecto a pedidos, clientes, tipos de pago, fechas, horas y firmas de contra recibo, se manejan bajo una estricta pol\u00edtica de confidencialidad. A excepci\u00f3n del cliente, M\u00e1s Flores se compromete a no proporcionar informaci\u00f3n a persona alguna, incluyendo la persona a qui\u00e9n a sido enviado el arreglo. Asimismo su direcci\u00f3n de correo electr\u00f3nico no ser\u00e1 utilizada m\u00e1s que para asuntos relacionados con su compra y es estrictamente confidencial.<\/p>\n\n\n\n<p><strong>Pol\u00edtica de Pago<\/strong><\/p>\n\n\n\n<p>El cliente se obliga a liquidar el arreglo en su totalidad antes de ser enviado. El pago puede ser a trav\u00e9s de dep\u00f3sito bancario, transferencia electr\u00f3nica, tarjeta de cr\u00e9dito o bien liquidarlo en nuestras instalaciones.<\/p>\n\n\n\n<p><strong>Pol\u00edtica de Env\u00edo<\/strong><\/p>\n\n\n\n<p>Horario de atenci\u00f3n: Nuestro horario de atenci\u00f3n es de 9:00 a 18:00 horas de lunes a viernes. S\u00e1bados de 9:00 a 14:00 horas<\/p>\n\n\n\n<p><em><strong>Env\u00edo<\/strong><\/em><\/p>\n\n\n\n<p>Los horarios de entrega son:<br>1. De lunes a viernes de 9:00 a 19:00 horas.<\/p>\n\n\n\n<p>2. S\u00e1bados de 9:00 a 15:00 horas.<\/p>\n\n\n\n<p>El cargo por env\u00edo aplica \u00fanicamente a la Zona Metropolitana de Monterrey.Si requiere un env\u00edo fuera de horario o fuera de la Zona Metropolitana de Monterrey, comun\u00edquese con uno de nuestros ejecutivos que con gusto le atender\u00e1.Para poder garantizar los horarios de env\u00edo es necesario que su compra la realice de preferencia con 24 horas de anticipaci\u00f3n, ya que nuestras rutas de entrega las programamos un d\u00eda antes.<\/p>\n\n\n\n<p><em><strong>Entrega el mismo d\u00eda<\/strong><\/em><br>Las compras que desee se envien el mismo d\u00eda deben realizarse m\u00ednimo 3 horas antes de la hora en que desea se reciba su arreglo(s). Solo se reciben pedidos para mismo dia antes de las 15:30 horas. Quedan sujetas a la disponibilidad de la flor. Las compras realizadas entre las 18:00 horas del d\u00eda anterior al env\u00edo y las 9:00 horas del d\u00eda del env\u00edo se entregar\u00e1n a partir de las 11:00 horas<\/p>\n\n\n\n<p><em><strong>Entregas-<\/strong><\/em><br>Es muy importante que para evitar retrasos en el env\u00edo de su pedido, usted debe estar seguro de la direcci\u00f3n del destinatario (datos exactos y completos), n\u00famero de tel\u00e9fono y debe asegurarse que alguna persona se encontrar\u00e1 en el domicilio a la hora y fecha programada para la entrega dando un rango m\u00ednimo de tres horas.<br>&#8211; De no encontrar quien reciba en el domicilio, se tratar\u00e1 de que un vecino reciba el arreglo para entregar al destinatario firm\u00e1ndonos acuse de recibo.<br>&#8211; Si no hay quien reciba el env\u00edo, se dejar\u00e1 una nota indic\u00e1ndole al destinatario que puede recogerse el env\u00edo en nuestras instalaciones.<br>&#8211; Usted sabr\u00e1 que su pedido ha sido entregado por medio de un correo electr\u00f3nico y\/o una llamada telef\u00f3nica la fecha, hora y persona que recibi\u00f3 el arreglo.<\/p>\n\n\n\n<p><strong>\u00bfD\u00f3nde los puedo visitar f\u00edsicamente?<\/strong><br>Nos puede visitar en Juan \u00c1lvarez 337 Nte, Col. Centro en Monterrey, Nuevo Le\u00f3n.<\/p>\n\n\n\n<p><strong>\u00bfSi tengo una pregunta, queja o sugerencia a qui\u00e9n me dirijo?<\/strong><br>En M\u00e1s Flores el cliente es lo m\u00e1s importante. Para cualquier pregunta, queja o sugerencia ponemos a tu disposici\u00f3n el siguiente correo: contacto@masflores.com.mx y los siguientes tel\u00e9fonos: <strong>811 &#8211; 931 &#8211; 7341<\/strong><\/p>\n\n\n\n<p><strong>Disponibilidad de arreglos<\/strong><br>Los arreglos presentados estar\u00e1n a disponibilidad del producto por parte de nuestros proveedores. En caso de no contar con alg\u00fan producto, se seleccionar\u00e1n flores y bases aproximadas a colores, tama\u00f1os y formas siempre buscando igualar o mejorar la calidad a favor de nuestro cliente. Debido a la naturaleza perecedera de nuestros arreglos, no existe ning\u00fan tipo de cancelaci\u00f3n.Al realizar su pedido usted impl\u00edcitamente acepta nuestras pol\u00edticas y condiciones.<\/p>\n\n\n\n<p><strong>Devoluciones y reembolsos<\/strong> E<\/p>\n\n\n\n<p>n MasFlores.com.mx queremos que estes 100% satisfecho con tu compra. Si por alguna raz\u00f3n no estas feliz con tu adquisici\u00f3n, te facilitamos el reembolso por un proceso sencillo: En caso de que recibas un producto da\u00f1ado o en mal estado, deber\u00e1s notific\u00e1rnoslo en un plazo m\u00e1ximo de 2 (dos) d\u00edas h\u00e1biles despu\u00e9s de que lo hayas recibido. Cont\u00e1ctenos en MasFlores.com.mx a trav\u00e9s de su n\u00famero de atenci\u00f3n a clientes: 81 8340 1959, \u00f3 enviar un correo a contacto@masflores.com.mx MasFlores.com.mx te reembolsar\u00e1 a trav\u00e9s del mismo modo de pago con el que hayas pagado. Por la naturaleza de nuestros productos no aceptamos devoluciones. Se te reembolsar\u00e1 el costo del producto y los gastos del primer env\u00edo.<\/p>\n","protected":false},"excerpt":{"rendered":"<p>Pol\u00edtica de Confidencialidad La informaci\u00f3n respecto a pedidos, clientes, tipos de pago, fechas, horas y firmas de contra recibo, se manejan bajo una estricta pol\u00edtica de confidencialidad. A excepci\u00f3n del cliente, M\u00e1s Flores se compromete a no proporcionar informaci\u00f3n a persona alguna, incluyendo la persona a qui\u00e9n a sido enviado el arreglo. Asimismo su direcci\u00f3n [&hellip;]<\/p>\n","protected":false},"author":1,"featured_media":0,"parent":0,"menu_order":0,"comment_status":"closed","ping_status":"closed","template":"","meta":{"footnotes":""},"class_list":["post-9","page","type-page","status-publish","hentry"],"jetpack_sharing_enabled":true,"_links":{"self":[{"href":"https:\/\/www.masflores.com.mx\/monterrey\/index.php\/wp-json\/wp\/v2\/pages\/9","targetHints":{"allow":["GET"]}}],"collection":[{"href":"https:\/\/www.masflores.com.mx\/monterrey\/index.php\/wp-json\/wp\/v2\/pages"}],"about":[{"href":"https:\/\/www.masflores.com.mx\/monterrey\/index.php\/wp-json\/wp\/v2\/types\/page"}],"author":[{"embeddable":true,"href":"https:\/\/www.masflores.com.mx\/monterrey\/index.php\/wp-json\/wp\/v2\/users\/1"}],"replies":[{"embeddable":true,"href":"https:\/\/www.masflores.com.mx\/monterrey\/index.php\/wp-json\/wp\/v2\/comments?post=9"}],"version-history":[{"count":1,"href":"https:\/\/www.masflores.com.mx\/monterrey\/index.php\/wp-json\/wp\/v2\/pages\/9\/revisions"}],"predecessor-version":[{"id":95,"href":"https:\/\/www.masflores.com.mx\/monterrey\/index.php\/wp-json\/wp\/v2\/pages\/9\/revisions\/95"}],"wp:attachment":[{"href":"https:\/\/www.masflores.com.mx\/monterrey\/index.php\/wp-json\/wp\/v2\/media?parent=9"}],"curies":[{"name":"wp","href":"https:\/\/api.w.org\/{rel}","templated":true}]}}