{"id":2,"date":"2020-11-03T21:24:38","date_gmt":"2020-11-03T21:24:38","guid":{"rendered":"https:\/\/masflores.com.mx\/monterrey\/?page_id=2"},"modified":"2025-11-06T14:37:00","modified_gmt":"2025-11-06T20:37:00","slug":"sample-page","status":"publish","type":"page","link":"https:\/\/www.masflores.com.mx\/monterrey\/index.php\/sample-page\/","title":{"rendered":"Ubicaci\u00f3n"},"content":{"rendered":"\n<p><strong>Florer\u00eda y Taller<\/strong><\/p>\n\n\n\n<p>Juan \u00c1lvarez 337 NTE<br>entre MM Del Llano y Albino Espinoza<br>Col. Centro<br>Monterrel, N.L. M\u00e9xico<\/p>\n\n\n\n<p><strong>Tel\u00e9fonos:<\/strong><br>Tel: 811 931 7341      WhatsApp: 818 270 9010<\/p>\n\n\n\n<iframe loading=\"lazy\" scrolling=\"no\" marginheight=\"0\" marginwidth=\"0\" src=\"http:\/\/maps.google.com\/maps?q=*&amp;hl=es&amp;ei=Bhv7SqngBom-sgPSncWKDw&amp;sll=25.69372,-100.356427&amp;sspn=0.006295,0.006295&amp;ie=UTF8&amp;view=map&amp;cid=11639748122373792160&amp;ved=0CBQQpQY&amp;hq=*&amp;hnear=&amp;ll=25.69272,-100.356417&amp;spn=0.009281,0.013733&amp;z=16&amp;iwloc=A&amp;output=embed\" width=\"640\" height=\"480\" frameborder=\"0\"><\/iframe><br><small><a href=\"http:\/\/maps.google.com\/maps?q=*&amp;hl=es&amp;ei=Bhv7SqngBom-sgPSncWKDw&amp;sll=25.69372,-100.356427&amp;sspn=0.006295,0.006295&amp;ie=UTF8&amp;view=map&amp;cid=11639748122373792160&amp;ved=0CBQQpQY&amp;hq=*&amp;hnear=&amp;ll=25.69272,-100.356417&amp;spn=0.009281,0.013733&amp;z=16&amp;iwloc=A&amp;source=embed\" style=\"color:#0000FF;text-align:left\" target=\"_blank\" rel=\"noopener\">Ver mapa m\u00e1s grande<\/a><\/small>\n","protected":false},"excerpt":{"rendered":"<p>Florer\u00eda y Taller Juan \u00c1lvarez 337 NTEentre MM Del Llano y Albino EspinozaCol. CentroMonterrel, N.L. M\u00e9xico Tel\u00e9fonos:Tel: 811 931 7341 WhatsApp: 818 270 9010 Ver mapa m\u00e1s grande<\/p>\n","protected":false},"author":1,"featured_media":0,"parent":0,"menu_order":0,"comment_status":"closed","ping_status":"closed","template":"","meta":{"footnotes":""},"class_list":["post-2","page","type-page","status-publish","hentry"],"jetpack_sharing_enabled":true,"_links":{"self":[{"href":"https:\/\/www.masflores.com.mx\/monterrey\/index.php\/wp-json\/wp\/v2\/pages\/2","targetHints":{"allow":["GET"]}}],"collection":[{"href":"https:\/\/www.masflores.com.mx\/monterrey\/index.php\/wp-json\/wp\/v2\/pages"}],"about":[{"href":"https:\/\/www.masflores.com.mx\/monterrey\/index.php\/wp-json\/wp\/v2\/types\/page"}],"author":[{"embeddable":true,"href":"https:\/\/www.masflores.com.mx\/monterrey\/index.php\/wp-json\/wp\/v2\/users\/1"}],"replies":[{"embeddable":true,"href":"https:\/\/www.masflores.com.mx\/monterrey\/index.php\/wp-json\/wp\/v2\/comments?post=2"}],"version-history":[{"count":3,"href":"https:\/\/www.masflores.com.mx\/monterrey\/index.php\/wp-json\/wp\/v2\/pages\/2\/revisions"}],"predecessor-version":[{"id":101,"href":"https:\/\/www.masflores.com.mx\/monterrey\/index.php\/wp-json\/wp\/v2\/pages\/2\/revisions\/101"}],"wp:attachment":[{"href":"https:\/\/www.masflores.com.mx\/monterrey\/index.php\/wp-json\/wp\/v2\/media?parent=2"}],"curies":[{"name":"wp","href":"https:\/\/api.w.org\/{rel}","templated":true}]}}