{"id":106,"date":"2022-10-30T20:41:39","date_gmt":"2022-10-30T20:41:39","guid":{"rendered":"https:\/\/masflores.com.mx\/monterrey\/?page_id=106"},"modified":"2025-11-06T14:33:18","modified_gmt":"2025-11-06T20:33:18","slug":"politica-de-publicidad","status":"publish","type":"page","link":"https:\/\/www.masflores.com.mx\/monterrey\/index.php\/politica-de-publicidad\/","title":{"rendered":"Pol\u00edtica de Publicidad"},"content":{"rendered":"\n<p>Publicidad: <\/p>\n\n\n\n<p>En algunos casos, en <strong>este sitio<\/strong> compartimos informaci\u00f3n sobre los visitantes de forma an\u00f3nima o agregada con terceros como puedan ser anunciantes, patrocinadores o auditores con el \u00fanico fin de mejorar nuestros servicios. <\/p>\n\n\n\n<p>Todas estas tareas de procesamiento ser\u00e1n reguladas seg\u00fan las normas legales y se respetar\u00e1n todos sus derechos en materia de protecci\u00f3n de datos conforme a la regulaci\u00f3n vigente. <\/p>\n\n\n\n<p>Este sitio tambi\u00e9n puede albergar publicidad propia, de afiliados, o de redes publicitarias y siempre de acuerdo a la Ley de Servicios de la Sociedad de la Informaci\u00f3n y de Comercio Electr\u00f3nico (LSSI) (<a rel=\"noreferrer noopener\" href=\"http:\/\/www.lssi.es\/\" target=\"_blank\">http:\/\/www.lssi.es\/<\/a>). Esta publicidad se muestra mediante servidores publicitarios que tambi\u00e9n utilizan cookies para mostrar contenidos publicitarios afines a los usuarios. Cada uno de estos servidores publicitarios dispone de su propia pol\u00edtica de privacidad, que puede ser consultada en sus propias p\u00e1ginas web. Actualmente este sitio muestra publicidad de: Google Adsense &#8211; <a rel=\"noreferrer noopener\" href=\"https:\/\/www.google.com\/adsense?hl=es\" target=\"_blank\">https:\/\/www.google.com\/adsense?hl=es<\/a> Otro sistema de publicidad &#8211; Su URL Otro sistema de Publicidad &#8211; Su URL En el caso espec\u00edfico de Google Adsense, esta compa\u00f1\u00eda utiliza una publicidad basada en intereses(<a rel=\"noreferrer noopener\" href=\"https:\/\/www.google.com\/adsense\/support\/bin\/topic.py?topic=20310&amp;hl=es\" target=\"_blank\">https:\/\/www.google.com\/adsense\/support\/bin\/topic.py?topic=20310&amp;hl=es<\/a>) que permite a los anunciantes mostrar anuncios basados en las interacciones previas de los usuarios, como las visitas al sitio web del anunciante, as\u00ed como llegar al usuario seg\u00fan sus intereses (por ejemplo, &#8220;amantes del deporte&#8221;). Para crear las categor\u00edas de intereses, detectan los tipos de p\u00e1ginas web que los usuarios visitan a trav\u00e9s de la red de contenido de Google. Por ejemplo, si un usuario visita un n\u00famero determinado de p\u00e1ginas de deportes, lo a\u00f1aden a la categor\u00eda de inter\u00e9s &#8220;amantes del deporte&#8221;. Google utiliza para ello la cookie de DoubleClick DART (<a rel=\"noreferrer noopener\" href=\"http:\/\/www.doubleclick.com\/privacy\/faq.aspx\" target=\"_blank\">http:\/\/www.doubleclick.com\/privacy\/faq.aspx<\/a>) (solo disponible en ingl\u00e9s) en los anuncios publicados en sitios web de editores que muestran anuncios de AdSense para contenido, como es este caso. Cuando un usuario final accede a un sitio web del editor de AdSense y ve un anuncio o hace clic en \u00e9l, es posible que se introduzca una cookie en su navegador. Los datos que se recopilan a partir de estas cookies se utilizan para ayudar a los editores de AdSense a publicar y administrar mejor los anuncios de sus sitios y de toda la Web, por ello tenga en cuenta que: Google, como proveedor asociado, utiliza cookies para publicar anuncios en este sitio. Google utiliza empresas publicitarias asociadas para publicar anuncios cuando visita nuestro sitio web. Es posible que estas empresas usen la informaci\u00f3n que obtienen de sus visitas a este y otros sitios web (<strong>sin incluir su nombre, direcci\u00f3n, direcci\u00f3n de correo electr\u00f3nico o n\u00famero de tel\u00e9fono<\/strong>) para ofrecerle anuncios sobre productos y servicios que le resulten de inter\u00e9s. Si quiere ver publicidad relacionada con sus intereses personales, puede editar las categor\u00edas de intereses (<a rel=\"noreferrer noopener\" href=\"http:\/\/www.google.com\/ads\/preferences\/view?sig=ACi0TChLIgxrSImDUDFWRqa8-lXGEgOsAMRHOOY4xEki_vTR8O-l4J2e_Mo5fCEF4hAFFmsBucxbJjN_LvL2ad2zAxXgXISHQNkwxnG50SVRZy3PM5IIM2gObSlogMTR3xgkRHnR70Noenom2-o2PjXToKth7JmP7g&amp;hl=es\" target=\"_blank\">http:\/\/www.google.com\/ads\/preferences\/view?sig=ACi0TChLIgxrSImDUDFWRqa8-lXGEgOsAMRHOOY4xEki_vTR8O-l4J2e_Mo5fCEF4hAFFmsBucxbJjN_LvL2ad2zAxXgXISHQNkwxnG50SVRZy3PM5IIM2gObSlogMTR3xgkRHnR70Noenom2-o2PjXToKth7JmP7g&amp;hl=es<\/a>) que se basan en sitios web que ha visitado recientemente. Los usuarios pueden inhabilitar el uso de la cookie de DART (<a rel=\"noreferrer noopener\" href=\"http:\/\/www.google.com\/privacy_ads.html\" target=\"_blank\">http:\/\/www.google.com\/privacy_ads.html<\/a>) a trav\u00e9s del anuncio de Google y accediendo a la pol\u00edtica de privacidad de la red de contenido. Para guardar de forma definitiva sus preferencias de inhabilitaci\u00f3n puede instalar este complemento para el navegador (<a rel=\"noreferrer noopener\" href=\"http:\/\/www.google.com\/ads\/preferences\/plugin\/\" target=\"_blank\">http:\/\/www.google.com\/ads\/preferences\/plugin\/<\/a>) que le permitir\u00e1 mantener su selecci\u00f3n de inhabilitaci\u00f3n, incluso en caso de borrar todas las cookies. Para saber m\u00e1s sobre el control de su experiencia en l\u00ednea visite la p\u00e1gina Network Advertising Initiative (NAI) (<a rel=\"noreferrer noopener\" href=\"http:\/\/www.networkadvertising.org\/%29%28s%C3%B3lo\" target=\"_blank\">http:\/\/www.networkadvertising.org\/)(s\u00f3lo<\/a> disponible en ingl\u00e9s).<\/p>\n","protected":false},"excerpt":{"rendered":"<p>Publicidad: En algunos casos, en este sitio compartimos informaci\u00f3n sobre los visitantes de forma an\u00f3nima o agregada con terceros como puedan ser anunciantes, patrocinadores o auditores con el \u00fanico fin de mejorar nuestros servicios. Todas estas tareas de procesamiento ser\u00e1n reguladas seg\u00fan las normas legales y se respetar\u00e1n todos sus derechos en materia de protecci\u00f3n [&hellip;]<\/p>\n","protected":false},"author":1,"featured_media":0,"parent":0,"menu_order":0,"comment_status":"closed","ping_status":"closed","template":"","meta":{"footnotes":""},"class_list":["post-106","page","type-page","status-publish","hentry"],"jetpack_sharing_enabled":true,"_links":{"self":[{"href":"https:\/\/www.masflores.com.mx\/monterrey\/index.php\/wp-json\/wp\/v2\/pages\/106","targetHints":{"allow":["GET"]}}],"collection":[{"href":"https:\/\/www.masflores.com.mx\/monterrey\/index.php\/wp-json\/wp\/v2\/pages"}],"about":[{"href":"https:\/\/www.masflores.com.mx\/monterrey\/index.php\/wp-json\/wp\/v2\/types\/page"}],"author":[{"embeddable":true,"href":"https:\/\/www.masflores.com.mx\/monterrey\/index.php\/wp-json\/wp\/v2\/users\/1"}],"replies":[{"embeddable":true,"href":"https:\/\/www.masflores.com.mx\/monterrey\/index.php\/wp-json\/wp\/v2\/comments?post=106"}],"version-history":[{"count":1,"href":"https:\/\/www.masflores.com.mx\/monterrey\/index.php\/wp-json\/wp\/v2\/pages\/106\/revisions"}],"predecessor-version":[{"id":107,"href":"https:\/\/www.masflores.com.mx\/monterrey\/index.php\/wp-json\/wp\/v2\/pages\/106\/revisions\/107"}],"wp:attachment":[{"href":"https:\/\/www.masflores.com.mx\/monterrey\/index.php\/wp-json\/wp\/v2\/media?parent=106"}],"curies":[{"name":"wp","href":"https:\/\/api.w.org\/{rel}","templated":true}]}}