{"id":104,"date":"2022-10-30T20:39:23","date_gmt":"2022-10-30T20:39:23","guid":{"rendered":"https:\/\/masflores.com.mx\/monterrey\/?page_id=104"},"modified":"2025-11-06T14:35:58","modified_gmt":"2025-11-06T20:35:58","slug":"quienes-somos","status":"publish","type":"page","link":"https:\/\/www.masflores.com.mx\/monterrey\/index.php\/quienes-somos\/","title":{"rendered":"Quienes Somos"},"content":{"rendered":"\n<p><strong>Historia<\/strong> <\/p>\n\n\n\n<p>Somos un emprendimiento que comenz\u00f3 en  Noviembre de 2007 cuyos objetivos son: contar con los mejores proveedores para cada producto, dar un manejo profesional a la flor y estar a la vanguardia en el dise\u00f1o floral siempre pensando en nuestros clientes.<\/p>\n\n\n\n<p><strong>Misi\u00f3n<\/strong> <\/p>\n\n\n\n<p>Nuestra misi\u00f3n es exceder las expectativas de nuestros clientes por la calidad de nuestros productos y el servicio de nuestro personal.<\/p>\n\n\n\n<p><strong>Ventajas de Comprar con Nosotros<\/strong><\/p>\n\n\n\n<ul class=\"wp-block-list\"><li>Contamos con el personal especializado para el dise\u00f1o de nuestros arreglos.<\/li><li>Nuestra flor se conserva en el mejor estado de humedad y refrigeraci\u00f3n.<\/li><li>Somos profesionales en el negocio, tenemos precios muy competitivos y nos puedes visitar en nuestra florer\u00eda o tener la comodidad de comprar v\u00eda Internet.<\/li><li>Confiabilidad, entrega oportuna con el mejor manejo del producto.<\/li><li>Opciones de pago.<\/li><li>Factura con IVA si se requiere.<\/li><\/ul>\n\n\n\n<p>Los arreglos presentados estar\u00e1n a disponibilidad del producto por parte de nuestros proveedores. En caso de no contar con alg\u00fan producto, se seleccionar\u00e1n flores y bases aproximadas a colores, tama\u00f1os y formas siempre buscando igualar o mejorar la calidad a favor de nuestro cliente.<\/p>\n\n\n\n<p><em><strong>\u00a1La pr\u00f3xima vez que pienses en flores\u2026.piensa en M\u00e1s Flores!<\/strong><\/em><\/p>\n","protected":false},"excerpt":{"rendered":"<p>Historia Somos un emprendimiento que comenz\u00f3 en Noviembre de 2007 cuyos objetivos son: contar con los mejores proveedores para cada producto, dar un manejo profesional a la flor y estar a la vanguardia en el dise\u00f1o floral siempre pensando en nuestros clientes. Misi\u00f3n Nuestra misi\u00f3n es exceder las expectativas de nuestros clientes por la calidad [&hellip;]<\/p>\n","protected":false},"author":1,"featured_media":0,"parent":0,"menu_order":0,"comment_status":"closed","ping_status":"closed","template":"","meta":{"footnotes":""},"class_list":["post-104","page","type-page","status-publish","hentry"],"jetpack_sharing_enabled":true,"_links":{"self":[{"href":"https:\/\/www.masflores.com.mx\/monterrey\/index.php\/wp-json\/wp\/v2\/pages\/104","targetHints":{"allow":["GET"]}}],"collection":[{"href":"https:\/\/www.masflores.com.mx\/monterrey\/index.php\/wp-json\/wp\/v2\/pages"}],"about":[{"href":"https:\/\/www.masflores.com.mx\/monterrey\/index.php\/wp-json\/wp\/v2\/types\/page"}],"author":[{"embeddable":true,"href":"https:\/\/www.masflores.com.mx\/monterrey\/index.php\/wp-json\/wp\/v2\/users\/1"}],"replies":[{"embeddable":true,"href":"https:\/\/www.masflores.com.mx\/monterrey\/index.php\/wp-json\/wp\/v2\/comments?post=104"}],"version-history":[{"count":1,"href":"https:\/\/www.masflores.com.mx\/monterrey\/index.php\/wp-json\/wp\/v2\/pages\/104\/revisions"}],"predecessor-version":[{"id":105,"href":"https:\/\/www.masflores.com.mx\/monterrey\/index.php\/wp-json\/wp\/v2\/pages\/104\/revisions\/105"}],"wp:attachment":[{"href":"https:\/\/www.masflores.com.mx\/monterrey\/index.php\/wp-json\/wp\/v2\/media?parent=104"}],"curies":[{"name":"wp","href":"https:\/\/api.w.org\/{rel}","templated":true}]}}